{"id":11,"date":"2023-09-01T20:56:58","date_gmt":"2023-09-01T18:56:58","guid":{"rendered":"https:\/\/www.sinnmachwerk.org\/?page_id=11"},"modified":"2026-03-03T21:34:41","modified_gmt":"2026-03-03T20:34:41","slug":"sinnmachwerk","status":"publish","type":"page","link":"https:\/\/www.sinnmachwerk.org\/","title":{"rendered":"Main"},"content":{"rendered":"\n<div class=\"wp-block-group has-global-padding is-layout-constrained wp-block-group-is-layout-constrained\">\n<figure class=\"wp-block-image size-full\"><img loading=\"lazy\" decoding=\"async\" width=\"1000\" height=\"277\" src=\"https:\/\/www.sinnmachwerk.org\/wp-content\/uploads\/2023\/09\/SMW-Logo-quer-3.png\" alt=\"\" class=\"wp-image-31\" srcset=\"https:\/\/www.sinnmachwerk.org\/wp-content\/uploads\/2023\/09\/SMW-Logo-quer-3.png 1000w, https:\/\/www.sinnmachwerk.org\/wp-content\/uploads\/2023\/09\/SMW-Logo-quer-3-300x83.png 300w, https:\/\/www.sinnmachwerk.org\/wp-content\/uploads\/2023\/09\/SMW-Logo-quer-3-768x213.png 768w\" sizes=\"auto, (max-width: 1000px) 100vw, 1000px\" \/><\/figure>\n\n\n\n<p>Menschen streben nach einem erf\u00fcllten Leben. Sinnstiftende T\u00e4tigkeiten sind ein wichtiger Weg dorthin. Eine zufriedene Gesellschaft braucht zudem nachhaltige soziale und \u00f6kologische Rahmenbedingungen. <\/p>\n\n\n\n<p>Der Verein <mark style=\"background-color:rgba(0, 0, 0, 0);color:#578e44\" class=\"has-inline-color\"><strong>sinn:mach:werk<\/strong> <\/mark>setzt sich genau f\u00fcr diese Themen ein. Ein wesentlicher Kompetenzbereich des Vereins ist dabei die Entwicklung und Bereitstellung von digitalen L\u00f6sungen.<\/p>\n<\/div>\n\n\n\n<div class=\"wp-block-group has-global-padding is-layout-constrained wp-block-group-is-layout-constrained\">\n<h2 class=\"wp-block-heading has-secondary-color has-text-color has-large-font-size\"><strong><mark style=\"background-color:rgba(0, 0, 0, 0);color:#578e44\" class=\"has-inline-color\">Was ist unser Ziel<\/mark><\/strong><\/h2>\n\n\n\n<p>Der Zweck des Vereins ist die Unterst\u00fctzung von Gemeinwohl-Projekten mit einem Schwerpunkt auf Umweltschutz, Nachhaltigkeit und Ressourcenvermeidung.&nbsp;<\/p>\n\n\n\n<p>Die T\u00e4tigkeit des Vereins ist nicht auf Gewinn gerichtet.<\/p>\n\n\n\n<p>Unser erstes Projekt in diesem Sinne ist die Web-Anwendung <strong><a href=\"https:\/\/app.leihenStattKaufen.net\" target=\"_blank\" rel=\"noreferrer noopener\"><mark style=\"background-color:rgba(0, 0, 0, 0);color:#578e44\" class=\"has-inline-color\">LeihenStattKaufen<\/mark><\/a><\/strong>. Wie der Name schon sagt, soll die Anwendung den Sharing-Gedanken unterst\u00fctzen und dazu interessierte Menschen vernetzen. Die Anwendung ist noch in einem Beta-Stadium und kann voraussichtlich ab Sommer 2026 in \u00d6sterreich genutzt werden, und zwar ohne Kosten f\u00fcr Leihgeber und Leihnehmer!<\/p>\n<\/div>\n\n\n\n<div class=\"wp-block-group has-global-padding is-layout-constrained wp-block-group-is-layout-constrained\">\n<h2 class=\"wp-block-heading has-secondary-color has-text-color has-large-font-size\"><strong><mark style=\"background-color:rgba(0, 0, 0, 0);color:#578e44\" class=\"has-inline-color\">Wie wollen wir unser Ziel erreichen<\/mark><\/strong><\/h2>\n\n\n\n<p>Die erforderlichen materiellen Mittel sollen aufgebracht werden durch<\/p>\n\n\n\n<ul class=\"wp-block-list\">\n<li>Spenden<\/li>\n\n\n\n<li>Subventionen<\/li>\n\n\n\n<li>Mitgliedsbeitr\u00e4ge<\/li>\n\n\n\n<li>Schenkungen<\/li>\n\n\n\n<li>Ertr\u00e4ge aus Beratungen, Schulungen, Veranstaltungen und Publikationen sowie aus der Entwicklung und Bereitstellung von IT-L\u00f6sungen und -Services<\/li>\n<\/ul>\n<\/div>\n","protected":false},"excerpt":{"rendered":"<p>Menschen streben nach einem erf\u00fcllten Leben. Sinnstiftende T\u00e4tigkeiten sind ein wichtiger Weg dorthin. Eine zufriedene Gesellschaft braucht zudem nachhaltige soziale und \u00f6kologische Rahmenbedingungen. Der Verein sinn:mach:werk setzt sich genau f\u00fcr diese Themen ein. Ein wesentlicher Kompetenzbereich des Vereins ist dabei die Entwicklung und Bereitstellung von digitalen L\u00f6sungen. Was ist unser Ziel Der Zweck des Vereins [&hellip;]<\/p>\n","protected":false},"author":1,"featured_media":0,"parent":0,"menu_order":0,"comment_status":"closed","ping_status":"closed","template":"page-no-title","meta":{"footnotes":""},"class_list":["post-11","page","type-page","status-publish","hentry"],"_links":{"self":[{"href":"https:\/\/www.sinnmachwerk.org\/index.php?rest_route=\/wp\/v2\/pages\/11","targetHints":{"allow":["GET"]}}],"collection":[{"href":"https:\/\/www.sinnmachwerk.org\/index.php?rest_route=\/wp\/v2\/pages"}],"about":[{"href":"https:\/\/www.sinnmachwerk.org\/index.php?rest_route=\/wp\/v2\/types\/page"}],"author":[{"embeddable":true,"href":"https:\/\/www.sinnmachwerk.org\/index.php?rest_route=\/wp\/v2\/users\/1"}],"replies":[{"embeddable":true,"href":"https:\/\/www.sinnmachwerk.org\/index.php?rest_route=%2Fwp%2Fv2%2Fcomments&post=11"}],"version-history":[{"count":21,"href":"https:\/\/www.sinnmachwerk.org\/index.php?rest_route=\/wp\/v2\/pages\/11\/revisions"}],"predecessor-version":[{"id":147,"href":"https:\/\/www.sinnmachwerk.org\/index.php?rest_route=\/wp\/v2\/pages\/11\/revisions\/147"}],"wp:attachment":[{"href":"https:\/\/www.sinnmachwerk.org\/index.php?rest_route=%2Fwp%2Fv2%2Fmedia&parent=11"}],"curies":[{"name":"wp","href":"https:\/\/api.w.org\/{rel}","templated":true}]}}