{"id":7,"date":"2023-09-01T20:40:51","date_gmt":"2023-09-01T18:40:51","guid":{"rendered":"https:\/\/www.sinnmachwerk.org\/?page_id=7"},"modified":"2023-09-30T19:09:18","modified_gmt":"2023-09-30T17:09:18","slug":"impressum","status":"publish","type":"page","link":"https:\/\/www.sinnmachwerk.org\/?page_id=7","title":{"rendered":"Impressum"},"content":{"rendered":"\n<p><strong>sinn:mach:werk<\/strong><br>Verein zur Unterst\u00fctzung von Gemeinwohl-Projekten<\/p>\n\n\n\n<p><strong>ZVR-Zahl:<\/strong><br>1772599608<\/p>\n\n\n\n<p><strong>Zust\u00e4ndige Vereinsbeh\u00f6rde:<\/strong><br>Bezirkshauptmannschaft Salzburg-Umgebung<\/p>\n\n\n\n<p><strong>Obmann:<\/strong><br>G\u00fcnter Weiss<\/p>\n\n\n\n<p><strong>Vereinsanschrift:<\/strong><br>Drosserweg 52<br>A-5071 Wals<\/p>\n\n\n\n<p><strong>E-Mail:<\/strong><br>service@SinnMachWerk.org<\/p>\n\n\n\n<p><strong>Verantwortlich f\u00fcr diese Web-Seite ist gem\u00e4\u00df \u00a75 TMG:<\/strong><br>Verein sinn:mach:werk<\/p>\n","protected":false},"excerpt":{"rendered":"<p>sinn:mach:werkVerein zur Unterst\u00fctzung von Gemeinwohl-Projekten ZVR-Zahl:1772599608 Zust\u00e4ndige Vereinsbeh\u00f6rde:Bezirkshauptmannschaft Salzburg-Umgebung Obmann:G\u00fcnter Weiss Vereinsanschrift:Drosserweg 52A-5071 Wals E-Mail:service@SinnMachWerk.org Verantwortlich f\u00fcr diese Web-Seite ist gem\u00e4\u00df \u00a75 TMG:Verein sinn:mach:werk<\/p>\n","protected":false},"author":1,"featured_media":0,"parent":11,"menu_order":0,"comment_status":"closed","ping_status":"closed","template":"","meta":{"footnotes":""},"class_list":["post-7","page","type-page","status-publish","hentry"],"_links":{"self":[{"href":"https:\/\/www.sinnmachwerk.org\/index.php?rest_route=\/wp\/v2\/pages\/7","targetHints":{"allow":["GET"]}}],"collection":[{"href":"https:\/\/www.sinnmachwerk.org\/index.php?rest_route=\/wp\/v2\/pages"}],"about":[{"href":"https:\/\/www.sinnmachwerk.org\/index.php?rest_route=\/wp\/v2\/types\/page"}],"author":[{"embeddable":true,"href":"https:\/\/www.sinnmachwerk.org\/index.php?rest_route=\/wp\/v2\/users\/1"}],"replies":[{"embeddable":true,"href":"https:\/\/www.sinnmachwerk.org\/index.php?rest_route=%2Fwp%2Fv2%2Fcomments&post=7"}],"version-history":[{"count":3,"href":"https:\/\/www.sinnmachwerk.org\/index.php?rest_route=\/wp\/v2\/pages\/7\/revisions"}],"predecessor-version":[{"id":29,"href":"https:\/\/www.sinnmachwerk.org\/index.php?rest_route=\/wp\/v2\/pages\/7\/revisions\/29"}],"up":[{"embeddable":true,"href":"https:\/\/www.sinnmachwerk.org\/index.php?rest_route=\/wp\/v2\/pages\/11"}],"wp:attachment":[{"href":"https:\/\/www.sinnmachwerk.org\/index.php?rest_route=%2Fwp%2Fv2%2Fmedia&parent=7"}],"curies":[{"name":"wp","href":"https:\/\/api.w.org\/{rel}","templated":true}]}}